{"id":1677,"date":"2025-02-06T16:24:21","date_gmt":"2025-02-06T15:24:21","guid":{"rendered":"https:\/\/sonidospro.com\/?post_type=product&#038;p=1677"},"modified":"2026-04-29T11:49:46","modified_gmt":"2026-04-29T10:49:46","slug":"shure-sm7b-windscreen","status":"publish","type":"product","link":"https:\/\/sonidospro.com\/en\/product\/shure-sm7b-windscreen\/","title":{"rendered":"Shure TSM7B 2-sides Windshield"},"content":{"rendered":"<p>To CUSTOMIZE THE COLOR of your product, click on it and select the color in the \u201cCOLOR\u201d dialog box. To add your logo or custom image, click on \u201cimages\u201d and select from the dialog box, or upload your own image. In order to view it correctly, try to upload a logo with a transparent background (*.png, *.pdf,\u2026). Adjust it to your liking by selecting the image in the interface, and using the modifiers. When you are happy with the result, add it to the basket and continue with the purchase.<\/p>","protected":false},"excerpt":{"rendered":"<p><span style=\"font-weight: 400;\">\u00a0El documento titulado Antiviento Shure TSM7B 2 CARAS aborda las caracter\u00edsticas y beneficios del filtro antiviento dise\u00f1ado espec\u00edficamente para el micr\u00f3fono Shure TSM7B. Este accesorio, que presenta un dise\u00f1o de dos caras, optimiza la captura de audio, minimizando los ruidos indeseados generados por el viento y las corrientes de aire. Su implementaci\u00f3n es fundamental para mejorar la calidad de las grabaciones en entornos exteriores, garantizando una reproducci\u00f3n clara y precisa del sonido. Se recomienda su uso tanto en producciones profesionales como en aplicaciones de grabaci\u00f3n amateur. El modelo TSM7B es un antiviento redondo de 2 caras espec\u00edfico para el micr\u00f3fono Shure SM7B, es para Radio, TV, Podcast, YouTube, etc., ofrece una visibilidad a tu logo y una alta calidad de sonido. <\/span><span style=\"font-weight: 400;\"><br \/>\n<\/span><span style=\"font-weight: 400;\">The Windscreen comes flocked with the desired color to give a non-reflective finish, with high definition printing.<\/span><br \/>\n<span style=\"font-weight: 400;\">Dimensions (W x H x D): 105mm x 60mm x 44mm<\/span><span style=\"font-weight: 400;\"><br \/>\n<\/span><span style=\"font-weight: 400;\">Logo printing on both sides<\/span><\/p>","protected":false},"featured_media":2818,"template":"","meta":{"site-sidebar-layout":"default","site-content-layout":"","ast-site-content-layout":"default","site-content-style":"default","site-sidebar-style":"default","ast-global-header-display":"","ast-banner-title-visibility":"","ast-main-header-display":"","ast-hfb-above-header-display":"","ast-hfb-below-header-display":"","ast-hfb-mobile-header-display":"","site-post-title":"","ast-breadcrumbs-content":"","ast-featured-img":"","footer-sml-layout":"","ast-disable-related-posts":"","theme-transparent-header-meta":"default","adv-header-id-meta":"","stick-header-meta":"","header-above-stick-meta":"","header-main-stick-meta":"","header-below-stick-meta":"","astra-migrate-meta-layouts":"set","ast-page-background-enabled":"default","ast-page-background-meta":{"desktop":{"background-color":"var(--ast-global-color-4)","background-image":"","background-repeat":"repeat","background-position":"center center","background-size":"auto","background-attachment":"scroll","background-type":"","background-media":"","overlay-type":"","overlay-color":"","overlay-opacity":"","overlay-gradient":""},"tablet":{"background-color":"","background-image":"","background-repeat":"repeat","background-position":"center center","background-size":"auto","background-attachment":"scroll","background-type":"","background-media":"","overlay-type":"","overlay-color":"","overlay-opacity":"","overlay-gradient":""},"mobile":{"background-color":"","background-image":"","background-repeat":"repeat","background-position":"center center","background-size":"auto","background-attachment":"scroll","background-type":"","background-media":"","overlay-type":"","overlay-color":"","overlay-opacity":"","overlay-gradient":""}},"ast-content-background-meta":{"desktop":{"background-color":"var(--ast-global-color-5)","background-image":"","background-repeat":"repeat","background-position":"center center","background-size":"auto","background-attachment":"scroll","background-type":"","background-media":"","overlay-type":"","overlay-color":"","overlay-opacity":"","overlay-gradient":""},"tablet":{"background-color":"var(--ast-global-color-5)","background-image":"","background-repeat":"repeat","background-position":"center center","background-size":"auto","background-attachment":"scroll","background-type":"","background-media":"","overlay-type":"","overlay-color":"","overlay-opacity":"","overlay-gradient":""},"mobile":{"background-color":"var(--ast-global-color-5)","background-image":"","background-repeat":"repeat","background-position":"center center","background-size":"auto","background-attachment":"scroll","background-type":"","background-media":"","overlay-type":"","overlay-color":"","overlay-opacity":"","overlay-gradient":""}}},"product_brand":[],"product_cat":[36,30,27],"product_tag":[39],"class_list":{"0":"post-1677","1":"product","2":"type-product","3":"status-publish","4":"has-post-thumbnail","6":"product_cat-antivientos","7":"product_cat-antiviento-y-cubilete","8":"product_cat-antivientos-3-caras","9":"product_tag-espuma-antiviento-para-microfono-shure-sm7b","10":"desktop-align-left","11":"tablet-align-left","12":"mobile-align-left","14":"first","15":"instock","16":"taxable","17":"shipping-taxable","18":"purchasable","19":"product-type-simple"},"_links":{"self":[{"href":"https:\/\/sonidospro.com\/en\/wp-json\/wp\/v2\/product\/1677","targetHints":{"allow":["GET"]}}],"collection":[{"href":"https:\/\/sonidospro.com\/en\/wp-json\/wp\/v2\/product"}],"about":[{"href":"https:\/\/sonidospro.com\/en\/wp-json\/wp\/v2\/types\/product"}],"wp:featuredmedia":[{"embeddable":true,"href":"https:\/\/sonidospro.com\/en\/wp-json\/wp\/v2\/media\/2818"}],"wp:attachment":[{"href":"https:\/\/sonidospro.com\/en\/wp-json\/wp\/v2\/media?parent=1677"}],"wp:term":[{"taxonomy":"product_brand","embeddable":true,"href":"https:\/\/sonidospro.com\/en\/wp-json\/wp\/v2\/product_brand?post=1677"},{"taxonomy":"product_cat","embeddable":true,"href":"https:\/\/sonidospro.com\/en\/wp-json\/wp\/v2\/product_cat?post=1677"},{"taxonomy":"product_tag","embeddable":true,"href":"https:\/\/sonidospro.com\/en\/wp-json\/wp\/v2\/product_tag?post=1677"}],"curies":[{"name":"wp","href":"https:\/\/api.w.org\/{rel}","templated":true}]}}