{"id":2122,"date":"2025-02-11T18:06:20","date_gmt":"2025-02-11T17:06:20","guid":{"rendered":"https:\/\/sonidospro.com\/?post_type=product&#038;p=2122"},"modified":"2026-04-29T11:45:52","modified_gmt":"2026-04-29T10:45:52","slug":"tczx-coupe-vent","status":"publish","type":"product","link":"https:\/\/sonidospro.com\/fr\/produit\/tczx-coupe-vent\/","title":{"rendered":"TCZX 3 C\u00d4T\u00c9S Bonnette"},"content":{"rendered":"<p>Pour PERSONNALISER LA COULEUR de votre produit, cliquez dessus et s\u00e9lectionnez la couleur dans la bo\u00eete de dialogue &quot;COULEUR&quot;. Pour ajouter votre logo ou image personnalis\u00e9e, cliquez sur \u00ab images \u00bb et s\u00e9lectionnez dans la bo\u00eete de dialogue, ou t\u00e9l\u00e9chargez votre propre image. Pour pouvoir le visualiser correctement, essayez de t\u00e9l\u00e9charger un logo avec un fond transparent (*.png, *.pdf,\u2026). Ajustez-le \u00e0 votre guise en s\u00e9lectionnant l&#039;image dans l&#039;interface et en utilisant les modificateurs. Lorsque vous \u00eates satisfait du r\u00e9sultat, ajoutez-le au panier et continuez vos achats.<\/p>","protected":false},"excerpt":{"rendered":"<p><span style=\"font-weight: 400\">Le mod\u00e8le TCZX est un pare-brise \u00e0 3 c\u00f4t\u00e9s avec un triangle inclus, il est compatible avec la plupart des microphones, il est confortable pour le reportage car sa forme optimale rend le logo visible sous n&#039;importe quel angle, offrant une qualit\u00e9 sonore \u00e9lev\u00e9e. <\/span><span style=\"font-weight: 400\"><br \/>\n<\/span><span style=\"font-weight: 400\">Le pare-brise est livr\u00e9 floqu\u00e9 avec la couleur souhait\u00e9e pour donner une finition non r\u00e9fl\u00e9chissante, avec une impression haute d\u00e9finition.<\/span><br \/>\n<span style=\"font-weight: 400\">Dimensions (largeur x hauteur x profondeur) : 140 mm x 90 mm x 40 mm<\/span><span style=\"font-weight: 400\"><br \/>\n<\/span><span style=\"font-weight: 400\">Impression du logo sur les 3 c\u00f4t\u00e9s<\/span><\/p>","protected":false},"featured_media":2415,"template":"","meta":{"site-sidebar-layout":"default","site-content-layout":"","ast-site-content-layout":"default","site-content-style":"default","site-sidebar-style":"default","ast-global-header-display":"","ast-banner-title-visibility":"","ast-main-header-display":"","ast-hfb-above-header-display":"","ast-hfb-below-header-display":"","ast-hfb-mobile-header-display":"","site-post-title":"","ast-breadcrumbs-content":"","ast-featured-img":"","footer-sml-layout":"","ast-disable-related-posts":"","theme-transparent-header-meta":"default","adv-header-id-meta":"","stick-header-meta":"","header-above-stick-meta":"","header-main-stick-meta":"","header-below-stick-meta":"","astra-migrate-meta-layouts":"set","ast-page-background-enabled":"default","ast-page-background-meta":{"desktop":{"background-color":"var(--ast-global-color-4)","background-image":"","background-repeat":"repeat","background-position":"center center","background-size":"auto","background-attachment":"scroll","background-type":"","background-media":"","overlay-type":"","overlay-color":"","overlay-opacity":"","overlay-gradient":""},"tablet":{"background-color":"","background-image":"","background-repeat":"repeat","background-position":"center center","background-size":"auto","background-attachment":"scroll","background-type":"","background-media":"","overlay-type":"","overlay-color":"","overlay-opacity":"","overlay-gradient":""},"mobile":{"background-color":"","background-image":"","background-repeat":"repeat","background-position":"center center","background-size":"auto","background-attachment":"scroll","background-type":"","background-media":"","overlay-type":"","overlay-color":"","overlay-opacity":"","overlay-gradient":""}},"ast-content-background-meta":{"desktop":{"background-color":"var(--ast-global-color-5)","background-image":"","background-repeat":"repeat","background-position":"center center","background-size":"auto","background-attachment":"scroll","background-type":"","background-media":"","overlay-type":"","overlay-color":"","overlay-opacity":"","overlay-gradient":""},"tablet":{"background-color":"var(--ast-global-color-5)","background-image":"","background-repeat":"repeat","background-position":"center center","background-size":"auto","background-attachment":"scroll","background-type":"","background-media":"","overlay-type":"","overlay-color":"","overlay-opacity":"","overlay-gradient":""},"mobile":{"background-color":"var(--ast-global-color-5)","background-image":"","background-repeat":"repeat","background-position":"center center","background-size":"auto","background-attachment":"scroll","background-type":"","background-media":"","overlay-type":"","overlay-color":"","overlay-opacity":"","overlay-gradient":""}}},"product_brand":[],"product_cat":[27,30,36],"product_tag":[37],"class_list":{"0":"post-2122","1":"product","2":"type-product","3":"status-publish","4":"has-post-thumbnail","6":"product_cat-antivientos-3-caras","7":"product_cat-antiviento-y-cubilete","8":"product_cat-antivientos","9":"product_tag-antiviento-personalizado-para-microfono","10":"desktop-align-left","11":"tablet-align-left","12":"mobile-align-left","14":"first","15":"instock","16":"taxable","17":"shipping-taxable","18":"purchasable","19":"product-type-simple"},"_links":{"self":[{"href":"https:\/\/sonidospro.com\/fr\/wp-json\/wp\/v2\/product\/2122","targetHints":{"allow":["GET"]}}],"collection":[{"href":"https:\/\/sonidospro.com\/fr\/wp-json\/wp\/v2\/product"}],"about":[{"href":"https:\/\/sonidospro.com\/fr\/wp-json\/wp\/v2\/types\/product"}],"wp:featuredmedia":[{"embeddable":true,"href":"https:\/\/sonidospro.com\/fr\/wp-json\/wp\/v2\/media\/2415"}],"wp:attachment":[{"href":"https:\/\/sonidospro.com\/fr\/wp-json\/wp\/v2\/media?parent=2122"}],"wp:term":[{"taxonomy":"product_brand","embeddable":true,"href":"https:\/\/sonidospro.com\/fr\/wp-json\/wp\/v2\/product_brand?post=2122"},{"taxonomy":"product_cat","embeddable":true,"href":"https:\/\/sonidospro.com\/fr\/wp-json\/wp\/v2\/product_cat?post=2122"},{"taxonomy":"product_tag","embeddable":true,"href":"https:\/\/sonidospro.com\/fr\/wp-json\/wp\/v2\/product_tag?post=2122"}],"curies":[{"name":"wp","href":"https:\/\/api.w.org\/{rel}","templated":true}]}}